{"id":11927,"date":"2024-12-03T15:14:15","date_gmt":"2024-12-03T14:14:15","guid":{"rendered":"https:\/\/aaconceptstore-golfe-sttropez.fr\/contact\/"},"modified":"2024-12-18T13:24:12","modified_gmt":"2024-12-18T12:24:12","slug":"contact","status":"publish","type":"page","link":"https:\/\/aaconceptstore-golfe-sttropez.fr\/en\/contact\/","title":{"rendered":"Contact"},"content":{"rendered":"\t\t<div data-elementor-type=\"wp-page\" data-elementor-id=\"11927\" class=\"elementor elementor-11927 elementor-10548\" data-elementor-post-type=\"page\">\n\t\t\t\t<section class=\"elementor-element elementor-element-245bb53 e-con-full e-flex e-con e-parent\" data-id=\"245bb53\" data-element_type=\"container\" data-e-type=\"container\" data-settings=\"{&quot;background_background&quot;:&quot;classic&quot;}\">\n\t\t<section class=\"elementor-element elementor-element-c1bb37b e-con-full e-flex elementor-invisible e-con e-child\" data-id=\"c1bb37b\" data-element_type=\"container\" data-e-type=\"container\" data-settings=\"{&quot;animation&quot;:&quot;fadeIn&quot;}\">\n\t\t\t\t<div class=\"elementor-element elementor-element-43e51f4 elementor-widget elementor-widget-heading\" data-id=\"43e51f4\" data-element_type=\"widget\" data-e-type=\"widget\" data-widget_type=\"heading.default\">\n\t\t\t\t<div class=\"elementor-widget-container\">\n\t\t\t\t\t<h1 class=\"elementor-heading-title elementor-size-default\">CONTACT US\n<\/h1>\t\t\t\t<\/div>\n\t\t\t\t<\/div>\n\t\t<div class=\"elementor-element elementor-element-eaf85ad e-con-full e-flex e-con e-child\" data-id=\"eaf85ad\" data-element_type=\"container\" data-e-type=\"container\">\n\t\t\t\t<div class=\"elementor-element elementor-element-69626e5 elementor-widget elementor-widget-qi_addons_for_elementor_contact_form_7\" data-id=\"69626e5\" data-element_type=\"widget\" data-e-type=\"widget\" data-widget_type=\"qi_addons_for_elementor_contact_form_7.default\">\n\t\t\t\t<div class=\"elementor-widget-container\">\n\t\t\t\t\t<div class=\"qodef-shortcode qodef-m qodef-qi-contact-form-7\">\n\t\n<div class=\"wpcf7 no-js\" id=\"wpcf7-f10555-o1\" lang=\"fr-FR\" dir=\"ltr\" data-wpcf7-id=\"10555\">\n<div class=\"screen-reader-response\"><p role=\"status\" aria-live=\"polite\" aria-atomic=\"true\"><\/p> <ul><\/ul><\/div>\n<form action=\"\/en\/wp-json\/wp\/v2\/pages\/11927#wpcf7-f10555-o1\" method=\"post\" class=\"wpcf7-form init\" aria-label=\"Formulaire de contact\" novalidate=\"novalidate\" data-status=\"init\">\n<fieldset class=\"hidden-fields-container\"><input type=\"hidden\" name=\"_wpcf7\" value=\"10555\" \/><input type=\"hidden\" name=\"_wpcf7_version\" value=\"6.1.5\" \/><input type=\"hidden\" name=\"_wpcf7_locale\" value=\"fr_FR\" \/><input type=\"hidden\" name=\"_wpcf7_unit_tag\" value=\"wpcf7-f10555-o1\" \/><input type=\"hidden\" name=\"_wpcf7_container_post\" value=\"0\" \/><input type=\"hidden\" name=\"_wpcf7_posted_data_hash\" value=\"\" \/><input type=\"hidden\" name=\"_wpcf7_recaptcha_response\" value=\"\" \/>\n<\/fieldset>\n<div class=\"cf-container\">\n<p class=\"info_form\">Votre adresse mail ne sera pas publi\u00e9e. Les champs marqu\u00e9s * sont obligatoires.<\/p>\n\t<div class=\"cf-col-6\"><span class=\"wpcf7-form-control-wrap\" data-name=\"nom\"><input size=\"40\" maxlength=\"400\" class=\"wpcf7-form-control wpcf7-text wpcf7-validates-as-required\" aria-required=\"true\" aria-invalid=\"false\" placeholder=\"Votre Nom*\" value=\"\" type=\"text\" name=\"nom\" \/><\/span> <\/div>\n        <div class=\"cf-col-6\"><span class=\"wpcf7-form-control-wrap\" data-name=\"prenom\"><input size=\"40\" maxlength=\"400\" class=\"wpcf7-form-control wpcf7-text wpcf7-validates-as-required\" aria-required=\"true\" aria-invalid=\"false\" placeholder=\"Votre Pr\u00e9nom*\" value=\"\" type=\"text\" name=\"prenom\" \/><\/span> <\/div>\n\t<div class=\"cf-col-6\">  <span class=\"wpcf7-form-control-wrap\" data-name=\"your-email\"><input size=\"40\" maxlength=\"400\" class=\"wpcf7-form-control wpcf7-email wpcf7-validates-as-required wpcf7-text wpcf7-validates-as-email\" aria-required=\"true\" aria-invalid=\"false\" placeholder=\"Votre Email*\" value=\"\" type=\"email\" name=\"your-email\" \/><\/span><\/div>\n <div class=\"cf-col-6\"><span class=\"wpcf7-form-control-wrap\" data-name=\"tel-724\"><input size=\"40\" maxlength=\"400\" class=\"wpcf7-form-control wpcf7-tel wpcf7-validates-as-required wpcf7-text wpcf7-validates-as-tel\" aria-required=\"true\" aria-invalid=\"false\" placeholder=\"Num\u00e9ro de t\u00e9l\u00e9phone*\" value=\"\" type=\"tel\" name=\"tel-724\" \/><\/span><\/div>\n\t<div class=\"cf-col-12\"><span class=\"wpcf7-form-control-wrap\" data-name=\"your-message\"><textarea cols=\"40\" rows=\"10\" maxlength=\"2000\" class=\"wpcf7-form-control wpcf7-textarea\" aria-invalid=\"false\" placeholder=\"Votre Message\" name=\"your-message\"><\/textarea><\/span><\/div>\n       <div class=\"cf-col-12 envoi\"><span class=\"wpcf7-form-control-wrap\" data-name=\"acceptance-832\"><span class=\"wpcf7-form-control wpcf7-acceptance\"><span class=\"wpcf7-list-item\"><label><input type=\"checkbox\" name=\"acceptance-832\" value=\"1\" aria-invalid=\"false\" \/><span class=\"wpcf7-list-item-label\">En cochant cette case vous acceptez les <a href=\"https:\/\/aaconceptstore-golfe-sttropez.fr\/mentions-legales\/\">conditions g\u00e9n\u00e9rales du site<\/a>.<\/span><\/label><\/span><\/span><\/span>\n\t\t\t\t\t\t\t\t\t\t\t\t\t\t\t\t\t\t\t\t\t\t\t \n         <input class=\"wpcf7-form-control wpcf7-submit has-spinner\" type=\"submit\" value=\"Envoyer un message\" \/><span class=\" elementor-button-icon\"><\/div>\n      \n<\/div><div class=\"wpcf7-response-output\" aria-hidden=\"true\"><\/div>\n<\/form>\n<\/div>\n<\/div>\n\t\t\t\t<\/div>\n\t\t\t\t<\/div>\n\t\t\t\t<\/div>\n\t\t\t\t<\/section>\n\t\t<section class=\"elementor-element elementor-element-6626507 e-con-full e-flex elementor-invisible e-con e-child\" data-id=\"6626507\" data-element_type=\"container\" data-e-type=\"container\" data-settings=\"{&quot;background_background&quot;:&quot;classic&quot;,&quot;animation&quot;:&quot;fadeIn&quot;}\">\n\t\t\t\t<\/section>\n\t\t\t\t<\/section>\n\t\t\t\t<\/div>\n\t\t","protected":false},"excerpt":{"rendered":"<p>CONTACT US Votre adresse mail ne sera pas publi\u00e9e. Les champs marqu\u00e9s * sont obligatoires. En cochant cette case vous acceptez les conditions g\u00e9n\u00e9rales du site.<\/p>\n","protected":false},"author":2,"featured_media":0,"parent":0,"menu_order":0,"comment_status":"closed","ping_status":"closed","template":"","meta":{"footnotes":""},"class_list":["post-11927","page","type-page","status-publish","hentry"],"_links":{"self":[{"href":"https:\/\/aaconceptstore-golfe-sttropez.fr\/en\/wp-json\/wp\/v2\/pages\/11927","targetHints":{"allow":["GET"]}}],"collection":[{"href":"https:\/\/aaconceptstore-golfe-sttropez.fr\/en\/wp-json\/wp\/v2\/pages"}],"about":[{"href":"https:\/\/aaconceptstore-golfe-sttropez.fr\/en\/wp-json\/wp\/v2\/types\/page"}],"author":[{"embeddable":true,"href":"https:\/\/aaconceptstore-golfe-sttropez.fr\/en\/wp-json\/wp\/v2\/users\/2"}],"replies":[{"embeddable":true,"href":"https:\/\/aaconceptstore-golfe-sttropez.fr\/en\/wp-json\/wp\/v2\/comments?post=11927"}],"version-history":[{"count":0,"href":"https:\/\/aaconceptstore-golfe-sttropez.fr\/en\/wp-json\/wp\/v2\/pages\/11927\/revisions"}],"wp:attachment":[{"href":"https:\/\/aaconceptstore-golfe-sttropez.fr\/en\/wp-json\/wp\/v2\/media?parent=11927"}],"curies":[{"name":"wp","href":"https:\/\/api.w.org\/{rel}","templated":true}]}}